{"id":18,"date":"2022-06-05T13:27:50","date_gmt":"2022-06-05T12:27:50","guid":{"rendered":"https:\/\/sch\u00fctzen-boppard.de\/?page_id=18"},"modified":"2023-12-22T17:37:57","modified_gmt":"2023-12-22T16:37:57","slug":"news","status":"publish","type":"page","link":"https:\/\/sch\u00fctzen-boppard.de\/?page_id=18","title":{"rendered":"News"},"content":{"rendered":"\t\t<div data-elementor-type=\"wp-page\" data-elementor-id=\"18\" class=\"elementor elementor-18\">\n\t\t\t\t\t\t<section class=\"elementor-section elementor-top-section elementor-element elementor-element-eb94cf2 elementor-section-boxed elementor-section-height-default elementor-section-height-default\" data-id=\"eb94cf2\" data-element_type=\"section\" data-e-type=\"section\">\n\t\t\t\t\t\t<div class=\"elementor-container elementor-column-gap-default\">\n\t\t\t\t\t<div class=\"elementor-column elementor-col-50 elementor-top-column elementor-element elementor-element-8a7bdd4\" data-id=\"8a7bdd4\" data-element_type=\"column\" data-e-type=\"column\">\n\t\t\t<div class=\"elementor-widget-wrap elementor-element-populated\">\n\t\t\t\t\t\t<div class=\"elementor-element elementor-element-582c538 elementor-widget elementor-widget-spacer\" data-id=\"582c538\" data-element_type=\"widget\" data-e-type=\"widget\" data-widget_type=\"spacer.default\">\n\t\t\t\t<div class=\"elementor-widget-container\">\n\t\t\t\t\t\t\t<div class=\"elementor-spacer\">\n\t\t\t<div class=\"elementor-spacer-inner\"><\/div>\n\t\t<\/div>\n\t\t\t\t\t\t<\/div>\n\t\t\t\t<\/div>\n\t\t\t\t<div class=\"elementor-element elementor-element-913f8a1 elementor-widget elementor-widget-heading\" data-id=\"913f8a1\" data-element_type=\"widget\" data-e-type=\"widget\" data-widget_type=\"heading.default\">\n\t\t\t\t<div class=\"elementor-widget-container\">\n\t\t\t\t\t<h2 class=\"elementor-heading-title elementor-size-default\">News<\/h2>\t\t\t\t<\/div>\n\t\t\t\t<\/div>\n\t\t\t\t\t<\/div>\n\t\t<\/div>\n\t\t\t\t<div class=\"elementor-column elementor-col-50 elementor-top-column elementor-element elementor-element-21092b6\" data-id=\"21092b6\" data-element_type=\"column\" data-e-type=\"column\">\n\t\t\t<div class=\"elementor-widget-wrap\">\n\t\t\t\t\t\t\t<\/div>\n\t\t<\/div>\n\t\t\t\t\t<\/div>\n\t\t<\/section>\n\t\t\t\t<section class=\"elementor-section elementor-top-section elementor-element elementor-element-1bd579b elementor-section-boxed elementor-section-height-default elementor-section-height-default\" data-id=\"1bd579b\" data-element_type=\"section\" data-e-type=\"section\">\n\t\t\t\t\t\t<div class=\"elementor-container elementor-column-gap-default\">\n\t\t\t\t\t<div class=\"elementor-column elementor-col-100 elementor-top-column elementor-element elementor-element-3309dc2\" data-id=\"3309dc2\" data-element_type=\"column\" data-e-type=\"column\">\n\t\t\t<div class=\"elementor-widget-wrap elementor-element-populated\">\n\t\t\t\t\t\t<div class=\"elementor-element elementor-element-20e0d6d stratum-navigation-arrow-position-inside stratum-list-image-left elementor-widget elementor-widget-stratum-advanced-posts\" data-id=\"20e0d6d\" data-element_type=\"widget\" data-e-type=\"widget\" data-widget_type=\"stratum-advanced-posts.default\">\n\t\t\t\t<div class=\"elementor-widget-container\">\n\t\t\t\t\t\t<div class=\"stratum-advanced-posts layout-list masonry-disable image-effect-gemini\"\n\t\t\t>\n\t\t<div class=\"stratum-advanced-posts__wrapper\" data-masonry-options=\"{&quot;columns&quot;:&quot;2&quot;,&quot;column_gap&quot;:20,&quot;row_gap&quot;:20}\">\n\t\t\t<article id='post-4160' class='stratum-advanced-posts__post'><div class='stratum-advanced-posts__post-wrapper'><div class='stratum-advanced-posts__post-thumbnail'><a href='https:\/\/sch\u00fctzen-boppard.de\/?p=4160' class='stratum-advanced-posts__post-link'><img fetchpriority=\"high\" decoding=\"async\" width=\"700\" height=\"700\" src=\"https:\/\/sch\u00fctzen-boppard.de\/wp-content\/uploads\/2023\/12\/Gallerie-SF2022-20-700x700.jpeg\" class=\"stratum-advanced-posts__post-thumbnail-image wp-post-image\" alt=\"Sommerfest 2023\" srcset=\"https:\/\/sch\u00fctzen-boppard.de\/wp-content\/uploads\/2023\/12\/Gallerie-SF2022-20-700x700.jpeg 700w, https:\/\/sch\u00fctzen-boppard.de\/wp-content\/uploads\/2023\/12\/Gallerie-SF2022-20-150x150.jpeg 150w\" sizes=\"(max-width: 700px) 100vw, 700px\" \/><div class='stratum-advanced-posts__post-thumbnail-overlay'><\/div><\/a><\/div><div class='stratum-advanced-posts__content-wrapper'><div class='stratum-advanced-posts__entry-header'><h3 class=\"stratum-advanced-posts__post-title\"><a href=\"https:\/\/sch\u00fctzen-boppard.de\/?p=4160\">Sommerfest 2023<\/a><\/h3><div class='stratum-advanced-posts__entry-meta'><span class='stratum-advanced-posts__post-date'><time datetime='2023-12-22T17:11:51+01:00'><a href='https:\/\/sch\u00fctzen-boppard.de\/?m=20231222'>22. Dezember 2023<\/a><\/time><\/span><\/div><\/div><div class='stratum-advanced-posts__post-content'>Sommerfest 2023 Bei wundersch\u00f6nem Wetter und sommerlichen Temperaturen hatten sich Mitglieder unserer SLG mit ihren Partnern zum Schie\u00dftraining und zu einem Grillnachmittag in Krastel getroffen. Zuerst lie\u00df man es sich [&hellip;]<\/div><\/div><\/div><\/article><article id='post-3666' class='stratum-advanced-posts__post'><div class='stratum-advanced-posts__post-wrapper'><div class='stratum-advanced-posts__post-thumbnail'><a href='https:\/\/sch\u00fctzen-boppard.de\/?p=3666' class='stratum-advanced-posts__post-link'><img decoding=\"async\" width=\"600\" height=\"600\" src=\"https:\/\/sch\u00fctzen-boppard.de\/wp-content\/uploads\/2022\/08\/Scheibe-Ergebniss.png\" class=\"stratum-advanced-posts__post-thumbnail-image wp-post-image\" alt=\"Ergebnisse DM Skeet und Trap\" srcset=\"https:\/\/sch\u00fctzen-boppard.de\/wp-content\/uploads\/2022\/08\/Scheibe-Ergebniss.png 600w, https:\/\/sch\u00fctzen-boppard.de\/wp-content\/uploads\/2022\/08\/Scheibe-Ergebniss-300x300.png 300w, https:\/\/sch\u00fctzen-boppard.de\/wp-content\/uploads\/2022\/08\/Scheibe-Ergebniss-150x150.png 150w\" sizes=\"(max-width: 600px) 100vw, 600px\" \/><div class='stratum-advanced-posts__post-thumbnail-overlay'><\/div><\/a><\/div><div class='stratum-advanced-posts__content-wrapper'><div class='stratum-advanced-posts__entry-header'><h3 class=\"stratum-advanced-posts__post-title\"><a href=\"https:\/\/sch\u00fctzen-boppard.de\/?p=3666\">Ergebnisse DM Skeet und Trap<\/a><\/h3><div class='stratum-advanced-posts__entry-meta'><span class='stratum-advanced-posts__post-date'><time datetime='2022-08-19T17:13:36+02:00'><a href='https:\/\/sch\u00fctzen-boppard.de\/?m=20220819'>19. August 2022<\/a><\/time><\/span><\/div><\/div><div class='stratum-advanced-posts__post-content'>Deutsche Meisterschaften Skeet und Trap \u00a0 Die Ergebnisse sind online und hier zu finden: Ergebnisse- DM 2022Skeet Ergebnisse &#8211; DM 2022Trap<\/div><\/div><\/div><\/article><article id='post-3384' class='stratum-advanced-posts__post'><div class='stratum-advanced-posts__post-wrapper'><div class='stratum-advanced-posts__post-thumbnail'><a href='https:\/\/sch\u00fctzen-boppard.de\/?p=3384' class='stratum-advanced-posts__post-link'><img decoding=\"async\" width=\"700\" height=\"700\" src=\"https:\/\/sch\u00fctzen-boppard.de\/wp-content\/uploads\/2022\/07\/sommerfest-700x700.jpeg\" class=\"stratum-advanced-posts__post-thumbnail-image wp-post-image\" alt=\"Sommerfest\" srcset=\"https:\/\/sch\u00fctzen-boppard.de\/wp-content\/uploads\/2022\/07\/sommerfest-700x700.jpeg 700w, https:\/\/sch\u00fctzen-boppard.de\/wp-content\/uploads\/2022\/07\/sommerfest-150x150.jpeg 150w\" sizes=\"(max-width: 700px) 100vw, 700px\" \/><div class='stratum-advanced-posts__post-thumbnail-overlay'><\/div><\/a><\/div><div class='stratum-advanced-posts__content-wrapper'><div class='stratum-advanced-posts__entry-header'><h3 class=\"stratum-advanced-posts__post-title\"><a href=\"https:\/\/sch\u00fctzen-boppard.de\/?p=3384\">Sommerfest<\/a><\/h3><div class='stratum-advanced-posts__entry-meta'><span class='stratum-advanced-posts__post-date'><time datetime='2022-07-04T18:39:03+02:00'><a href='https:\/\/sch\u00fctzen-boppard.de\/?m=20220704'>4. Juli 2022<\/a><\/time><\/span><\/div><\/div><div class='stratum-advanced-posts__post-content'>Sommerfest \u00a0 unser diesj\u00e4hriges\u00a0Sommerfest\u00a0ist f\u00fcr Samstag,\u00a0der 30. Juli 2022 ab 15:00 Uhr\u00a0festgelegt. F\u00fcr unsere Feier w\u00e4re eine Salat- oder Kuchenspende sehr\u00a0\u00a0super. Zwecks Bestellungen und Anmeldung, meldet euch bitte bei unserem [&hellip;]<\/div><\/div><\/div><\/article><article id='post-357' class='stratum-advanced-posts__post'><div class='stratum-advanced-posts__post-wrapper'><div class='stratum-advanced-posts__post-thumbnail'><a href='https:\/\/sch\u00fctzen-boppard.de\/?p=357' class='stratum-advanced-posts__post-link'><img loading=\"lazy\" decoding=\"async\" width=\"700\" height=\"388\" src=\"https:\/\/sch\u00fctzen-boppard.de\/wp-content\/uploads\/2022\/06\/remote.adjust.rotate0remote.size_.w1920remote.size_.h1080local.crop_.h1080local.crop_.w1920local.crop_.x0local.crop_.y0r1n-ch10-16x9-far-e1656962124993-700x388.png\" class=\"stratum-advanced-posts__post-thumbnail-image wp-post-image\" alt=\"Neue Webseite\" \/><div class='stratum-advanced-posts__post-thumbnail-overlay'><\/div><\/a><\/div><div class='stratum-advanced-posts__content-wrapper'><div class='stratum-advanced-posts__entry-header'><h3 class=\"stratum-advanced-posts__post-title\"><a href=\"https:\/\/sch\u00fctzen-boppard.de\/?p=357\">Neue Webseite<\/a><\/h3><div class='stratum-advanced-posts__entry-meta'><span class='stratum-advanced-posts__post-date'><time datetime='2022-06-06T01:44:21+02:00'><a href='https:\/\/sch\u00fctzen-boppard.de\/?m=20220606'>6. Juni 2022<\/a><\/time><\/span><\/div><\/div><div class='stratum-advanced-posts__post-content'>Neue Webseite Nach einigen schlaflosen N\u00e4chten und mindestens 1.000 Stunden Arbeit sowie mindestens 10 kleine F\u00e4sser Bier, ist unsere neue Webseite fertig.&nbsp; Es gibt viele neue Dinge zu entdecken, viele [&hellip;]<\/div><\/div><\/div><\/article><article id='post-3463' class='stratum-advanced-posts__post'><div class='stratum-advanced-posts__post-wrapper'><div class='stratum-advanced-posts__post-thumbnail'><a href='https:\/\/sch\u00fctzen-boppard.de\/?p=3463' class='stratum-advanced-posts__post-link'><img loading=\"lazy\" decoding=\"async\" width=\"210\" height=\"98\" src=\"https:\/\/sch\u00fctzen-boppard.de\/wp-content\/uploads\/2022\/06\/logo.png\" class=\"stratum-advanced-posts__post-thumbnail-image wp-post-image\" alt=\"Old News\" \/><div class='stratum-advanced-posts__post-thumbnail-overlay'><\/div><\/a><\/div><div class='stratum-advanced-posts__content-wrapper'><div class='stratum-advanced-posts__entry-header'><h3 class=\"stratum-advanced-posts__post-title\"><a href=\"https:\/\/sch\u00fctzen-boppard.de\/?p=3463\">Old News<\/a><\/h3><div class='stratum-advanced-posts__entry-meta'><span class='stratum-advanced-posts__post-date'><time datetime='2021-01-26T09:32:34+01:00'><a href='https:\/\/sch\u00fctzen-boppard.de\/?m=20210126'>26. Januar 2021<\/a><\/time><\/span><\/div><\/div><div class='stratum-advanced-posts__post-content'>Auszeichnung f\u00fcr Dieter Lewalder Am heutigen Sonntag hatte Uwe Wandernoth nach dem Tontaubenschie\u00dfen eine besondere \u00dcberraschung im Gep\u00e4ck. Im Namen des BDMP wurde unserem 1. Vorsitzenden und SLG Leiter Dieter [&hellip;]<\/div><\/div><\/div><\/article><article id='post-3481' class='stratum-advanced-posts__post'><div class='stratum-advanced-posts__post-wrapper'><div class='stratum-advanced-posts__post-thumbnail'><a href='https:\/\/sch\u00fctzen-boppard.de\/?p=3481' class='stratum-advanced-posts__post-link'><img loading=\"lazy\" decoding=\"async\" width=\"612\" height=\"612\" src=\"https:\/\/sch\u00fctzen-boppard.de\/wp-content\/uploads\/2022\/07\/Skeet-Anime.jpg\" class=\"stratum-advanced-posts__post-thumbnail-image wp-post-image\" alt=\"Old News\" srcset=\"https:\/\/sch\u00fctzen-boppard.de\/wp-content\/uploads\/2022\/07\/Skeet-Anime.jpg 612w, https:\/\/sch\u00fctzen-boppard.de\/wp-content\/uploads\/2022\/07\/Skeet-Anime-300x300.jpg 300w, https:\/\/sch\u00fctzen-boppard.de\/wp-content\/uploads\/2022\/07\/Skeet-Anime-150x150.jpg 150w\" sizes=\"(max-width: 612px) 100vw, 612px\" \/><div class='stratum-advanced-posts__post-thumbnail-overlay'><\/div><\/a><\/div><div class='stratum-advanced-posts__content-wrapper'><div class='stratum-advanced-posts__entry-header'><h3 class=\"stratum-advanced-posts__post-title\"><a href=\"https:\/\/sch\u00fctzen-boppard.de\/?p=3481\">Old News<\/a><\/h3><div class='stratum-advanced-posts__entry-meta'><span class='stratum-advanced-posts__post-date'><time datetime='2020-10-18T11:15:35+02:00'><a href='https:\/\/sch\u00fctzen-boppard.de\/?m=20201018'>18. Oktober 2020<\/a><\/time><\/span><\/div><\/div><div class='stratum-advanced-posts__post-content'>Einweisung Skeet in Kaiserslautern &#8211; Teil 2 Die beiden &#8220;Lehrlinge&#8221; trafen sich heute im Rod&amp;Gun Club in Kaiserslautern zum Teil 2 der Einweisung in die hohe Kunst des Wurfscheibenschie\u00dfens. Das [&hellip;]<\/div><\/div><\/div><\/article><article id='post-3495' class='stratum-advanced-posts__post'><div class='stratum-advanced-posts__post-wrapper'><div class='stratum-advanced-posts__post-thumbnail'><a href='https:\/\/sch\u00fctzen-boppard.de\/?p=3495' class='stratum-advanced-posts__post-link'><img loading=\"lazy\" decoding=\"async\" width=\"612\" height=\"612\" src=\"https:\/\/sch\u00fctzen-boppard.de\/wp-content\/uploads\/2022\/07\/Skeet-Anime.jpg\" class=\"stratum-advanced-posts__post-thumbnail-image wp-post-image\" alt=\"Old News\" srcset=\"https:\/\/sch\u00fctzen-boppard.de\/wp-content\/uploads\/2022\/07\/Skeet-Anime.jpg 612w, https:\/\/sch\u00fctzen-boppard.de\/wp-content\/uploads\/2022\/07\/Skeet-Anime-300x300.jpg 300w, https:\/\/sch\u00fctzen-boppard.de\/wp-content\/uploads\/2022\/07\/Skeet-Anime-150x150.jpg 150w\" sizes=\"(max-width: 612px) 100vw, 612px\" \/><div class='stratum-advanced-posts__post-thumbnail-overlay'><\/div><\/a><\/div><div class='stratum-advanced-posts__content-wrapper'><div class='stratum-advanced-posts__entry-header'><h3 class=\"stratum-advanced-posts__post-title\"><a href=\"https:\/\/sch\u00fctzen-boppard.de\/?p=3495\">Old News<\/a><\/h3><div class='stratum-advanced-posts__entry-meta'><span class='stratum-advanced-posts__post-date'><time datetime='2020-09-20T11:29:28+02:00'><a href='https:\/\/sch\u00fctzen-boppard.de\/?m=20200920'>20. September 2020<\/a><\/time><\/span><\/div><\/div><div class='stratum-advanced-posts__post-content'>Einweisung Skeet in Kaiserslautern &#8211; Teil 1 Ein sch\u00f6ner Sp\u00e4tsommer Sonntag lockte vier Sch\u00fctzen unserer SLG auf den Schie\u00dfstand der US Army nach Baumholder, wobei zwei der Wurftaubensch\u00fctzen noch keinerlei [&hellip;]<\/div><\/div><\/div><\/article>\t\t<\/div>\n\n\t\t\t<\/div>\n\t\t\t\t<\/div>\n\t\t\t\t<\/div>\n\t\t\t\t\t<\/div>\n\t\t<\/div>\n\t\t\t\t\t<\/div>\n\t\t<\/section>\n\t\t\t\t<\/div>\n\t\t","protected":false},"excerpt":{"rendered":"<p>News<\/p>\n","protected":false},"author":1,"featured_media":0,"parent":0,"menu_order":0,"comment_status":"closed","ping_status":"closed","template":"","meta":{"inline_featured_image":false,"site-sidebar-layout":"no-sidebar","site-content-layout":"page-builder","ast-site-content-layout":"full-width-container","site-content-style":"unboxed","site-sidebar-style":"unboxed","ast-global-header-display":"","ast-banner-title-visibility":"","ast-main-header-display":"","ast-hfb-above-header-display":"","ast-hfb-below-header-display":"","ast-hfb-mobile-header-display":"","site-post-title":"disabled","ast-breadcrumbs-content":"","ast-featured-img":"disabled","footer-sml-layout":"","ast-disable-related-posts":"","theme-transparent-header-meta":"","adv-header-id-meta":"","stick-header-meta":"","header-above-stick-meta":"","header-main-stick-meta":"","header-below-stick-meta":"","astra-migrate-meta-layouts":"set","ast-page-background-enabled":"default","ast-page-background-meta":{"desktop":{"background-color":"var(--ast-global-color-4)","background-image":"","background-repeat":"repeat","background-position":"center center","background-size":"auto","background-attachment":"scroll","background-type":"","background-media":"","overlay-type":"","overlay-color":"","overlay-opacity":"","overlay-gradient":""},"tablet":{"background-color":"","background-image":"","background-repeat":"repeat","background-position":"center center","background-size":"auto","background-attachment":"scroll","background-type":"","background-media":"","overlay-type":"","overlay-color":"","overlay-opacity":"","overlay-gradient":""},"mobile":{"background-color":"","background-image":"","background-repeat":"repeat","background-position":"center center","background-size":"auto","background-attachment":"scroll","background-type":"","background-media":"","overlay-type":"","overlay-color":"","overlay-opacity":"","overlay-gradient":""}},"ast-content-background-meta":{"desktop":{"background-color":"var(--ast-global-color-5)","background-image":"","background-repeat":"repeat","background-position":"center center","background-size":"auto","background-attachment":"scroll","background-type":"","background-media":"","overlay-type":"","overlay-color":"","overlay-opacity":"","overlay-gradient":""},"tablet":{"background-color":"var(--ast-global-color-5)","background-image":"","background-repeat":"repeat","background-position":"center center","background-size":"auto","background-attachment":"scroll","background-type":"","background-media":"","overlay-type":"","overlay-color":"","overlay-opacity":"","overlay-gradient":""},"mobile":{"background-color":"var(--ast-global-color-5)","background-image":"","background-repeat":"repeat","background-position":"center center","background-size":"auto","background-attachment":"scroll","background-type":"","background-media":"","overlay-type":"","overlay-color":"","overlay-opacity":"","overlay-gradient":""}},"footnotes":""},"class_list":["post-18","page","type-page","status-publish","hentry"],"_links":{"self":[{"href":"https:\/\/sch\u00fctzen-boppard.de\/index.php?rest_route=\/wp\/v2\/pages\/18","targetHints":{"allow":["GET"]}}],"collection":[{"href":"https:\/\/sch\u00fctzen-boppard.de\/index.php?rest_route=\/wp\/v2\/pages"}],"about":[{"href":"https:\/\/sch\u00fctzen-boppard.de\/index.php?rest_route=\/wp\/v2\/types\/page"}],"author":[{"embeddable":true,"href":"https:\/\/sch\u00fctzen-boppard.de\/index.php?rest_route=\/wp\/v2\/users\/1"}],"replies":[{"embeddable":true,"href":"https:\/\/sch\u00fctzen-boppard.de\/index.php?rest_route=%2Fwp%2Fv2%2Fcomments&post=18"}],"version-history":[{"count":39,"href":"https:\/\/sch\u00fctzen-boppard.de\/index.php?rest_route=\/wp\/v2\/pages\/18\/revisions"}],"predecessor-version":[{"id":4184,"href":"https:\/\/sch\u00fctzen-boppard.de\/index.php?rest_route=\/wp\/v2\/pages\/18\/revisions\/4184"}],"wp:attachment":[{"href":"https:\/\/sch\u00fctzen-boppard.de\/index.php?rest_route=%2Fwp%2Fv2%2Fmedia&parent=18"}],"curies":[{"name":"wp","href":"https:\/\/api.w.org\/{rel}","templated":true}]}}